{"id":2260,"date":"2026-03-11T10:24:41","date_gmt":"2026-03-11T08:24:41","guid":{"rendered":"https:\/\/artjompoldsaar24.thkit.ee\/wp\/?page_id=2260"},"modified":"2026-03-11T12:27:17","modified_gmt":"2026-03-11T10:27:17","slug":"activity-diagram","status":"publish","type":"page","link":"https:\/\/artjompoldsaar24.thkit.ee\/wp\/activity-diagram\/","title":{"rendered":"Activity diagram"},"content":{"rendered":"\n<p>&#8211; tegevus- v\u00f5i olekudiagramm (State \/ Activity diagramm)<\/p>\n\n\n\n<h2 class=\"wp-block-heading\"><strong>Olulisemad tegevusskeemi komponendid<\/strong><\/h2>\n\n\n\n<figure class=\"wp-block-image\"><img decoding=\"async\" src=\"https:\/\/merkulova.thkit.ee\/ta\/wp-content\/uploads\/2024\/02\/image-1.png\" alt=\"\" class=\"wp-image-404\"\/><\/figure>\n\n\n\n<figure class=\"wp-block-image\"><img decoding=\"async\" src=\"https:\/\/merkulova.thkit.ee\/ta\/wp-content\/uploads\/2024\/02\/image-2.png\" alt=\"\" class=\"wp-image-405\"\/><\/figure>\n\n\n\n<ul class=\"wp-block-list\">\n<li><strong>alguss\u00f5lm<\/strong>\u00a0\u2013 v\u00e4ike must muna, millega algoritm algab, sellest v\u00e4ljub alati \u00fcks voog<\/li>\n\n\n\n<li><strong>toiming<\/strong>\u00a0\u00a0\u2013 \u00fcmardatud nurkadega ristk\u00fclik, nendesse kirjutatakse k\u00e4sud, mida algoritmis t\u00e4idetakse<\/li>\n\n\n\n<li><strong>voog<\/strong>\u00a0\u00a0\u2013 nool, mis n\u00e4itab \u00fcleminekuid \u00fchest toimingust teise toimingusse; korrektne on, kui igasse toimingusse siseneb \u00fcks voog ning v\u00e4ljub samuti \u00fcks voog<\/li>\n\n\n\n<li><strong>otsustuspunkt<\/strong>\u2013 v\u00e4ike romb, mis t\u00e4histab otsuse tegemise kohta: vastavalt harude juurde kirjutatud tingimusele valitakse toimingute voogude vahel; vastavus if-lausega<\/li>\n\n\n\n<li><strong>tegevuse l\u00f5pp<\/strong>\u00a0\u00a0\u2013 must mumm, millega algoritm l\u00f5ppeb<\/li>\n<\/ul>\n\n\n\n<h3 class=\"wp-block-heading\">Visio UML Activity elemendid<\/h3>\n\n\n\n<figure class=\"wp-block-image size-full\"><img loading=\"lazy\" decoding=\"async\" width=\"256\" height=\"297\" src=\"https:\/\/artjompoldsaar24.thkit.ee\/wp\/wp-content\/uploads\/2026\/03\/pilt.png\" alt=\"\" class=\"wp-image-2268\" srcset=\"https:\/\/artjompoldsaar24.thkit.ee\/wp\/wp-content\/uploads\/2026\/03\/pilt.png 256w, https:\/\/artjompoldsaar24.thkit.ee\/wp\/wp-content\/uploads\/2026\/03\/pilt-129x150.png 129w\" sizes=\"auto, (max-width: 256px) 100vw, 256px\" \/><\/figure>\n\n\n\n<h2 class=\"wp-block-heading\">Kellasepp Andmebaasi N\u00e4ide<\/h2>\n\n\n\n<figure class=\"wp-block-image size-large\"><img loading=\"lazy\" decoding=\"async\" width=\"538\" height=\"1024\" src=\"https:\/\/artjompoldsaar24.thkit.ee\/wp\/wp-content\/uploads\/2026\/03\/Drawing1-2-538x1024.png\" alt=\"\" class=\"wp-image-2272\" srcset=\"https:\/\/artjompoldsaar24.thkit.ee\/wp\/wp-content\/uploads\/2026\/03\/Drawing1-2-538x1024.png 538w, https:\/\/artjompoldsaar24.thkit.ee\/wp\/wp-content\/uploads\/2026\/03\/Drawing1-2-158x300.png 158w, https:\/\/artjompoldsaar24.thkit.ee\/wp\/wp-content\/uploads\/2026\/03\/Drawing1-2-79x150.png 79w, https:\/\/artjompoldsaar24.thkit.ee\/wp\/wp-content\/uploads\/2026\/03\/Drawing1-2.png 685w\" sizes=\"auto, (max-width: 538px) 100vw, 538px\" \/><\/figure>\n","protected":false},"excerpt":{"rendered":"<p>&#8211; tegevus- v\u00f5i olekudiagramm (State \/ Activity diagramm) Olulisemad tegevusskeemi komponendid Visio UML Activity elemendid Kellasepp Andmebaasi N\u00e4ide<\/p>\n","protected":false},"author":1,"featured_media":0,"parent":0,"menu_order":0,"comment_status":"closed","ping_status":"closed","template":"","meta":{"footnotes":""},"class_list":["post-2260","page","type-page","status-publish","hentry"],"yoast_head":"<!-- This site is optimized with the Yoast SEO plugin v27.4 - https:\/\/yoast.com\/product\/yoast-seo-wordpress\/ -->\n<title>Activity diagram - Artjom P&otilde;ldsaar Portfoolio<\/title>\n<meta name=\"robots\" content=\"index, follow, max-snippet:-1, max-image-preview:large, max-video-preview:-1\" \/>\n<link rel=\"canonical\" href=\"https:\/\/artjompoldsaar24.thkit.ee\/wp\/activity-diagram\/\" \/>\n<meta property=\"og:locale\" content=\"et_EE\" \/>\n<meta property=\"og:type\" content=\"article\" \/>\n<meta property=\"og:title\" content=\"Activity diagram - Artjom P&otilde;ldsaar Portfoolio\" \/>\n<meta property=\"og:description\" content=\"&#8211; tegevus- v\u00f5i olekudiagramm (State \/ Activity diagramm) Olulisemad tegevusskeemi komponendid Visio UML Activity elemendid Kellasepp Andmebaasi N\u00e4ide\" \/>\n<meta property=\"og:url\" content=\"https:\/\/artjompoldsaar24.thkit.ee\/wp\/activity-diagram\/\" \/>\n<meta property=\"og:site_name\" content=\"Artjom P&otilde;ldsaar Portfoolio\" \/>\n<meta property=\"article:modified_time\" content=\"2026-03-11T10:27:17+00:00\" \/>\n<meta name=\"twitter:card\" content=\"summary_large_image\" \/>\n<meta name=\"twitter:label1\" content=\"Est. reading time\" \/>\n\t<meta name=\"twitter:data1\" content=\"2 minutit\" \/>\n<script type=\"application\/ld+json\" class=\"yoast-schema-graph\">{\"@context\":\"https:\\\/\\\/schema.org\",\"@graph\":[{\"@type\":\"WebPage\",\"@id\":\"https:\\\/\\\/artjompoldsaar24.thkit.ee\\\/wp\\\/activity-diagram\\\/\",\"url\":\"https:\\\/\\\/artjompoldsaar24.thkit.ee\\\/wp\\\/activity-diagram\\\/\",\"name\":\"Activity diagram - Artjom P&otilde;ldsaar Portfoolio\",\"isPartOf\":{\"@id\":\"https:\\\/\\\/artjompoldsaar24.thkit.ee\\\/wp\\\/#website\"},\"primaryImageOfPage\":{\"@id\":\"https:\\\/\\\/artjompoldsaar24.thkit.ee\\\/wp\\\/activity-diagram\\\/#primaryimage\"},\"image\":{\"@id\":\"https:\\\/\\\/artjompoldsaar24.thkit.ee\\\/wp\\\/activity-diagram\\\/#primaryimage\"},\"thumbnailUrl\":\"https:\\\/\\\/merkulova.thkit.ee\\\/ta\\\/wp-content\\\/uploads\\\/2024\\\/02\\\/image-1.png\",\"datePublished\":\"2026-03-11T08:24:41+00:00\",\"dateModified\":\"2026-03-11T10:27:17+00:00\",\"breadcrumb\":{\"@id\":\"https:\\\/\\\/artjompoldsaar24.thkit.ee\\\/wp\\\/activity-diagram\\\/#breadcrumb\"},\"inLanguage\":\"et\",\"potentialAction\":[{\"@type\":\"ReadAction\",\"target\":[\"https:\\\/\\\/artjompoldsaar24.thkit.ee\\\/wp\\\/activity-diagram\\\/\"]}]},{\"@type\":\"ImageObject\",\"inLanguage\":\"et\",\"@id\":\"https:\\\/\\\/artjompoldsaar24.thkit.ee\\\/wp\\\/activity-diagram\\\/#primaryimage\",\"url\":\"https:\\\/\\\/merkulova.thkit.ee\\\/ta\\\/wp-content\\\/uploads\\\/2024\\\/02\\\/image-1.png\",\"contentUrl\":\"https:\\\/\\\/merkulova.thkit.ee\\\/ta\\\/wp-content\\\/uploads\\\/2024\\\/02\\\/image-1.png\"},{\"@type\":\"BreadcrumbList\",\"@id\":\"https:\\\/\\\/artjompoldsaar24.thkit.ee\\\/wp\\\/activity-diagram\\\/#breadcrumb\",\"itemListElement\":[{\"@type\":\"ListItem\",\"position\":1,\"name\":\"Home\",\"item\":\"https:\\\/\\\/artjompoldsaar24.thkit.ee\\\/wp\\\/\"},{\"@type\":\"ListItem\",\"position\":2,\"name\":\"Activity diagram\"}]},{\"@type\":\"WebSite\",\"@id\":\"https:\\\/\\\/artjompoldsaar24.thkit.ee\\\/wp\\\/#website\",\"url\":\"https:\\\/\\\/artjompoldsaar24.thkit.ee\\\/wp\\\/\",\"name\":\"Artjom P&otilde;ldsaar Portfoolio\",\"description\":\"Noorem Tarkvaraarendaja\",\"potentialAction\":[{\"@type\":\"SearchAction\",\"target\":{\"@type\":\"EntryPoint\",\"urlTemplate\":\"https:\\\/\\\/artjompoldsaar24.thkit.ee\\\/wp\\\/?s={search_term_string}\"},\"query-input\":{\"@type\":\"PropertyValueSpecification\",\"valueRequired\":true,\"valueName\":\"search_term_string\"}}],\"inLanguage\":\"et\"}]}<\/script>\n<!-- \/ Yoast SEO plugin. -->","yoast_head_json":{"title":"Activity diagram - Artjom P&otilde;ldsaar Portfoolio","robots":{"index":"index","follow":"follow","max-snippet":"max-snippet:-1","max-image-preview":"max-image-preview:large","max-video-preview":"max-video-preview:-1"},"canonical":"https:\/\/artjompoldsaar24.thkit.ee\/wp\/activity-diagram\/","og_locale":"et_EE","og_type":"article","og_title":"Activity diagram - Artjom P&otilde;ldsaar Portfoolio","og_description":"&#8211; tegevus- v\u00f5i olekudiagramm (State \/ Activity diagramm) Olulisemad tegevusskeemi komponendid Visio UML Activity elemendid Kellasepp Andmebaasi N\u00e4ide","og_url":"https:\/\/artjompoldsaar24.thkit.ee\/wp\/activity-diagram\/","og_site_name":"Artjom P&otilde;ldsaar Portfoolio","article_modified_time":"2026-03-11T10:27:17+00:00","twitter_card":"summary_large_image","twitter_misc":{"Est. reading time":"2 minutit"},"schema":{"@context":"https:\/\/schema.org","@graph":[{"@type":"WebPage","@id":"https:\/\/artjompoldsaar24.thkit.ee\/wp\/activity-diagram\/","url":"https:\/\/artjompoldsaar24.thkit.ee\/wp\/activity-diagram\/","name":"Activity diagram - Artjom P&otilde;ldsaar Portfoolio","isPartOf":{"@id":"https:\/\/artjompoldsaar24.thkit.ee\/wp\/#website"},"primaryImageOfPage":{"@id":"https:\/\/artjompoldsaar24.thkit.ee\/wp\/activity-diagram\/#primaryimage"},"image":{"@id":"https:\/\/artjompoldsaar24.thkit.ee\/wp\/activity-diagram\/#primaryimage"},"thumbnailUrl":"https:\/\/merkulova.thkit.ee\/ta\/wp-content\/uploads\/2024\/02\/image-1.png","datePublished":"2026-03-11T08:24:41+00:00","dateModified":"2026-03-11T10:27:17+00:00","breadcrumb":{"@id":"https:\/\/artjompoldsaar24.thkit.ee\/wp\/activity-diagram\/#breadcrumb"},"inLanguage":"et","potentialAction":[{"@type":"ReadAction","target":["https:\/\/artjompoldsaar24.thkit.ee\/wp\/activity-diagram\/"]}]},{"@type":"ImageObject","inLanguage":"et","@id":"https:\/\/artjompoldsaar24.thkit.ee\/wp\/activity-diagram\/#primaryimage","url":"https:\/\/merkulova.thkit.ee\/ta\/wp-content\/uploads\/2024\/02\/image-1.png","contentUrl":"https:\/\/merkulova.thkit.ee\/ta\/wp-content\/uploads\/2024\/02\/image-1.png"},{"@type":"BreadcrumbList","@id":"https:\/\/artjompoldsaar24.thkit.ee\/wp\/activity-diagram\/#breadcrumb","itemListElement":[{"@type":"ListItem","position":1,"name":"Home","item":"https:\/\/artjompoldsaar24.thkit.ee\/wp\/"},{"@type":"ListItem","position":2,"name":"Activity diagram"}]},{"@type":"WebSite","@id":"https:\/\/artjompoldsaar24.thkit.ee\/wp\/#website","url":"https:\/\/artjompoldsaar24.thkit.ee\/wp\/","name":"Artjom P&otilde;ldsaar Portfoolio","description":"Noorem Tarkvaraarendaja","potentialAction":[{"@type":"SearchAction","target":{"@type":"EntryPoint","urlTemplate":"https:\/\/artjompoldsaar24.thkit.ee\/wp\/?s={search_term_string}"},"query-input":{"@type":"PropertyValueSpecification","valueRequired":true,"valueName":"search_term_string"}}],"inLanguage":"et"}]}},"_links":{"self":[{"href":"https:\/\/artjompoldsaar24.thkit.ee\/wp\/wp-json\/wp\/v2\/pages\/2260","targetHints":{"allow":["GET"]}}],"collection":[{"href":"https:\/\/artjompoldsaar24.thkit.ee\/wp\/wp-json\/wp\/v2\/pages"}],"about":[{"href":"https:\/\/artjompoldsaar24.thkit.ee\/wp\/wp-json\/wp\/v2\/types\/page"}],"author":[{"embeddable":true,"href":"https:\/\/artjompoldsaar24.thkit.ee\/wp\/wp-json\/wp\/v2\/users\/1"}],"replies":[{"embeddable":true,"href":"https:\/\/artjompoldsaar24.thkit.ee\/wp\/wp-json\/wp\/v2\/comments?post=2260"}],"version-history":[{"count":6,"href":"https:\/\/artjompoldsaar24.thkit.ee\/wp\/wp-json\/wp\/v2\/pages\/2260\/revisions"}],"predecessor-version":[{"id":2273,"href":"https:\/\/artjompoldsaar24.thkit.ee\/wp\/wp-json\/wp\/v2\/pages\/2260\/revisions\/2273"}],"wp:attachment":[{"href":"https:\/\/artjompoldsaar24.thkit.ee\/wp\/wp-json\/wp\/v2\/media?parent=2260"}],"curies":[{"name":"wp","href":"https:\/\/api.w.org\/{rel}","templated":true}]}}