{"id":674,"date":"2025-04-11T08:42:42","date_gmt":"2025-04-11T05:42:42","guid":{"rendered":"https:\/\/artjompoldsaar1.wordpress.com\/?page_id=674"},"modified":"2025-04-11T08:42:42","modified_gmt":"2025-04-11T05:42:42","slug":"matemaatika","status":"publish","type":"page","link":"https:\/\/artjompoldsaar24.thkit.ee\/wp\/eng\/matemaatika\/","title":{"rendered":"Matemaatika"},"content":{"rendered":"\n<h2 class=\"wp-block-heading\">Graafid<\/h2>\n\n\n\n<figure class=\"wp-block-image size-large\"><img decoding=\"async\" src=\"https:\/\/artjompoldsaar1.wordpress.com\/wp-content\/uploads\/2025\/04\/pilt-1.png?w=647\" alt=\"\" class=\"wp-image-676\" \/><\/figure>\n\n\n\n<p>\u0413\u0440\u0430\u0444 \u0441\u043e\u0441\u0442\u043e\u0438\u0442 \u0438\u0437 \u0432\u0435\u0440\u0448\u0438\u043d, \u0441\u0432\u044f\u0437\u0430\u043d\u043d\u044b\u0445 \u043b\u0438\u043d\u0438\u044f\u043c\u0438.<\/p>\n\n\n\n<h2 class=\"wp-block-heading\">Graafi Struktuur<\/h2>\n\n\n\n<ul class=\"wp-block-list\">\n<li>GRAAF on struktuur, mis omab tippud ja tippud on oma vahel seotud servadega<\/li>\n\n\n\n<li>Suunatud servad &#8211; kaar\/kaared (\u043d\u0430\u043f\u0440\u0430\u0432\u043b\u0435\u043d\u043d\u044b\u0435)<\/li>\n\n\n\n<li>Suunamata servad<\/li>\n<\/ul>\n\n\n\n<h2 class=\"wp-block-heading\">Graafi T\u00fc\u00fcbid<\/h2>\n\n\n\n<ol class=\"wp-block-list\">\n<li>Suunamatu graaf (\u041d\u0435\u043e\u0440\u0438\u0435\u043d\u0442\u0438\u0440\u043e\u0432\u0430\u043d\u043d\u044b\u0439 \u0433\u0440\u0430\u0444)<\/li>\n\n\n\n<li>Suunatud graaf (\u041e\u0440\u0438\u0435\u043d\u0442\u0438\u0440\u043e\u0432\u0430\u043d\u043d\u044b\u0439 \u0433\u0440\u0430\u0444)<\/li>\n\n\n\n<li>Segagraaf (\u0421\u043c\u0435\u0448\u0430\u043d\u043d\u044b\u0439)<\/li>\n<\/ol>\n\n\n\n<h2 class=\"wp-block-heading\">Kaalutud Graaf<\/h2>\n\n\n\n<ul class=\"wp-block-list\">\n<li>Kaalutud Graaf &#8211; \u0412\u0437\u0432\u0435\u0448\u0435\u043d\u043d\u044b\u0439 \u0433\u0440\u0430\u0444<\/li>\n\n\n\n<li>Naabrusmatriks &#8211; \u043c\u0430\u0442\u0440\u0438\u0446\u0430 \u0441\u043c\u0435\u0436\u043d\u043e\u0441\u0442\u0438<\/li>\n<\/ul>\n\n\n\n<figure class=\"wp-block-image size-large\"><img decoding=\"async\" src=\"https:\/\/artjompoldsaar1.wordpress.com\/wp-content\/uploads\/2025\/04\/pilt-2.png?w=289\" alt=\"\" class=\"wp-image-681\" \/><\/figure>\n\n\n\n<h2 class=\"wp-block-heading\">Semantiline V\u00f5rk<\/h2>\n\n\n\n<ul class=\"wp-block-list\">\n<li>Semantiline v\u00f5rk &#8211; \u0421\u0435\u043c\u0430\u043d\u0442\u0438\u0447\u0435\u0441\u043a\u0430\u044f \u0446\u0435\u043f\u044c<\/li>\n\n\n\n<li>Ovaalid = objektid<\/li>\n\n\n\n<li>Nooled v\u00f5i servad n\u00e4itavad s\u00f5ltuvused\/tegevused<\/li>\n<\/ul>\n\n\n\n<h2 class=\"wp-block-heading\">Puu<\/h2>\n\n\n\n<p>Puu &#8211; graaf hierarhilisega struktuuriga<br>Omab \u00fcks tee kahe tippude vahel<br><\/p>\n\n\n\n<figure class=\"wp-block-image size-large\"><img decoding=\"async\" src=\"https:\/\/artjompoldsaar1.wordpress.com\/wp-content\/uploads\/2025\/04\/pilt-3.png?w=401\" alt=\"\" class=\"wp-image-684\" \/><\/figure>\n","protected":false},"excerpt":{"rendered":"<p>Graafid \u0413\u0440\u0430\u0444 \u0441\u043e\u0441\u0442\u043e\u0438\u0442 \u0438\u0437 \u0432\u0435\u0440\u0448\u0438\u043d, \u0441\u0432\u044f\u0437\u0430\u043d\u043d\u044b\u0445 \u043b\u0438\u043d\u0438\u044f\u043c\u0438. Graafi Struktuur Graafi T\u00fc\u00fcbid Kaalutud Graaf Semantiline V\u00f5rk Puu Puu &#8211; graaf hierarhilisega struktuurigaOmab \u00fcks tee kahe tippude vahel<\/p>\n","protected":false},"author":1,"featured_media":0,"parent":0,"menu_order":0,"comment_status":"closed","ping_status":"closed","template":"","meta":{"footnotes":""},"class_list":["post-674","page","type-page","status-publish","hentry"],"yoast_head":"<!-- This site is optimized with the Yoast SEO plugin v27.4 - https:\/\/yoast.com\/product\/yoast-seo-wordpress\/ -->\n<title>Matemaatika - Artjom P\u00f5ldsaar Portfolio<\/title>\n<meta name=\"robots\" content=\"index, follow, max-snippet:-1, max-image-preview:large, max-video-preview:-1\" \/>\n<link rel=\"canonical\" href=\"https:\/\/artjompoldsaar24.thkit.ee\/wp\/eng\/matemaatika\/\" \/>\n<meta property=\"og:locale\" content=\"en_US\" \/>\n<meta property=\"og:type\" content=\"article\" \/>\n<meta property=\"og:title\" content=\"Matemaatika - Artjom P\u00f5ldsaar Portfolio\" \/>\n<meta property=\"og:description\" content=\"Graafid \u0413\u0440\u0430\u0444 \u0441\u043e\u0441\u0442\u043e\u0438\u0442 \u0438\u0437 \u0432\u0435\u0440\u0448\u0438\u043d, \u0441\u0432\u044f\u0437\u0430\u043d\u043d\u044b\u0445 \u043b\u0438\u043d\u0438\u044f\u043c\u0438. Graafi Struktuur Graafi T\u00fc\u00fcbid Kaalutud Graaf Semantiline V\u00f5rk Puu Puu &#8211; graaf hierarhilisega struktuurigaOmab \u00fcks tee kahe tippude vahel\" \/>\n<meta property=\"og:url\" content=\"https:\/\/artjompoldsaar24.thkit.ee\/wp\/eng\/matemaatika\/\" \/>\n<meta property=\"og:site_name\" content=\"Artjom P\u00f5ldsaar Portfolio\" \/>\n<meta name=\"twitter:card\" content=\"summary_large_image\" \/>\n<script type=\"application\/ld+json\" class=\"yoast-schema-graph\">{\"@context\":\"https:\\\/\\\/schema.org\",\"@graph\":[{\"@type\":\"WebPage\",\"@id\":\"https:\\\/\\\/artjompoldsaar24.thkit.ee\\\/wp\\\/eng\\\/matemaatika\\\/\",\"url\":\"https:\\\/\\\/artjompoldsaar24.thkit.ee\\\/wp\\\/eng\\\/matemaatika\\\/\",\"name\":\"Matemaatika - Artjom P\u00f5ldsaar Portfolio\",\"isPartOf\":{\"@id\":\"https:\\\/\\\/artjompoldsaar24.thkit.ee\\\/wp\\\/eng\\\/#website\"},\"primaryImageOfPage\":{\"@id\":\"https:\\\/\\\/artjompoldsaar24.thkit.ee\\\/wp\\\/eng\\\/matemaatika\\\/#primaryimage\"},\"image\":{\"@id\":\"https:\\\/\\\/artjompoldsaar24.thkit.ee\\\/wp\\\/eng\\\/matemaatika\\\/#primaryimage\"},\"thumbnailUrl\":\"https:\\\/\\\/artjompoldsaar1.wordpress.com\\\/wp-content\\\/uploads\\\/2025\\\/04\\\/pilt-1.png?w=647\",\"datePublished\":\"2025-04-11T05:42:42+00:00\",\"breadcrumb\":{\"@id\":\"https:\\\/\\\/artjompoldsaar24.thkit.ee\\\/wp\\\/eng\\\/matemaatika\\\/#breadcrumb\"},\"inLanguage\":\"en-US\",\"potentialAction\":[{\"@type\":\"ReadAction\",\"target\":[\"https:\\\/\\\/artjompoldsaar24.thkit.ee\\\/wp\\\/eng\\\/matemaatika\\\/\"]}]},{\"@type\":\"ImageObject\",\"inLanguage\":\"en-US\",\"@id\":\"https:\\\/\\\/artjompoldsaar24.thkit.ee\\\/wp\\\/eng\\\/matemaatika\\\/#primaryimage\",\"url\":\"https:\\\/\\\/artjompoldsaar1.wordpress.com\\\/wp-content\\\/uploads\\\/2025\\\/04\\\/pilt-1.png?w=647\",\"contentUrl\":\"https:\\\/\\\/artjompoldsaar1.wordpress.com\\\/wp-content\\\/uploads\\\/2025\\\/04\\\/pilt-1.png?w=647\"},{\"@type\":\"BreadcrumbList\",\"@id\":\"https:\\\/\\\/artjompoldsaar24.thkit.ee\\\/wp\\\/eng\\\/matemaatika\\\/#breadcrumb\",\"itemListElement\":[{\"@type\":\"ListItem\",\"position\":1,\"name\":\"Home\",\"item\":\"https:\\\/\\\/artjompoldsaar24.thkit.ee\\\/wp\\\/eng\\\/\"},{\"@type\":\"ListItem\",\"position\":2,\"name\":\"Matemaatika\"}]},{\"@type\":\"WebSite\",\"@id\":\"https:\\\/\\\/artjompoldsaar24.thkit.ee\\\/wp\\\/eng\\\/#website\",\"url\":\"https:\\\/\\\/artjompoldsaar24.thkit.ee\\\/wp\\\/eng\\\/\",\"name\":\"Artjom P\u00f5ldsaar Portfolio\",\"description\":\"Junior Software Developer\",\"potentialAction\":[{\"@type\":\"SearchAction\",\"target\":{\"@type\":\"EntryPoint\",\"urlTemplate\":\"https:\\\/\\\/artjompoldsaar24.thkit.ee\\\/wp\\\/eng\\\/?s={search_term_string}\"},\"query-input\":{\"@type\":\"PropertyValueSpecification\",\"valueRequired\":true,\"valueName\":\"search_term_string\"}}],\"inLanguage\":\"en-US\"}]}<\/script>\n<!-- \/ Yoast SEO plugin. -->","yoast_head_json":{"title":"Matemaatika - Artjom P\u00f5ldsaar Portfolio","robots":{"index":"index","follow":"follow","max-snippet":"max-snippet:-1","max-image-preview":"max-image-preview:large","max-video-preview":"max-video-preview:-1"},"canonical":"https:\/\/artjompoldsaar24.thkit.ee\/wp\/eng\/matemaatika\/","og_locale":"en_US","og_type":"article","og_title":"Matemaatika - Artjom P\u00f5ldsaar Portfolio","og_description":"Graafid \u0413\u0440\u0430\u0444 \u0441\u043e\u0441\u0442\u043e\u0438\u0442 \u0438\u0437 \u0432\u0435\u0440\u0448\u0438\u043d, \u0441\u0432\u044f\u0437\u0430\u043d\u043d\u044b\u0445 \u043b\u0438\u043d\u0438\u044f\u043c\u0438. Graafi Struktuur Graafi T\u00fc\u00fcbid Kaalutud Graaf Semantiline V\u00f5rk Puu Puu &#8211; graaf hierarhilisega struktuurigaOmab \u00fcks tee kahe tippude vahel","og_url":"https:\/\/artjompoldsaar24.thkit.ee\/wp\/eng\/matemaatika\/","og_site_name":"Artjom P\u00f5ldsaar Portfolio","twitter_card":"summary_large_image","schema":{"@context":"https:\/\/schema.org","@graph":[{"@type":"WebPage","@id":"https:\/\/artjompoldsaar24.thkit.ee\/wp\/eng\/matemaatika\/","url":"https:\/\/artjompoldsaar24.thkit.ee\/wp\/eng\/matemaatika\/","name":"Matemaatika - Artjom P\u00f5ldsaar Portfolio","isPartOf":{"@id":"https:\/\/artjompoldsaar24.thkit.ee\/wp\/eng\/#website"},"primaryImageOfPage":{"@id":"https:\/\/artjompoldsaar24.thkit.ee\/wp\/eng\/matemaatika\/#primaryimage"},"image":{"@id":"https:\/\/artjompoldsaar24.thkit.ee\/wp\/eng\/matemaatika\/#primaryimage"},"thumbnailUrl":"https:\/\/artjompoldsaar1.wordpress.com\/wp-content\/uploads\/2025\/04\/pilt-1.png?w=647","datePublished":"2025-04-11T05:42:42+00:00","breadcrumb":{"@id":"https:\/\/artjompoldsaar24.thkit.ee\/wp\/eng\/matemaatika\/#breadcrumb"},"inLanguage":"en-US","potentialAction":[{"@type":"ReadAction","target":["https:\/\/artjompoldsaar24.thkit.ee\/wp\/eng\/matemaatika\/"]}]},{"@type":"ImageObject","inLanguage":"en-US","@id":"https:\/\/artjompoldsaar24.thkit.ee\/wp\/eng\/matemaatika\/#primaryimage","url":"https:\/\/artjompoldsaar1.wordpress.com\/wp-content\/uploads\/2025\/04\/pilt-1.png?w=647","contentUrl":"https:\/\/artjompoldsaar1.wordpress.com\/wp-content\/uploads\/2025\/04\/pilt-1.png?w=647"},{"@type":"BreadcrumbList","@id":"https:\/\/artjompoldsaar24.thkit.ee\/wp\/eng\/matemaatika\/#breadcrumb","itemListElement":[{"@type":"ListItem","position":1,"name":"Home","item":"https:\/\/artjompoldsaar24.thkit.ee\/wp\/eng\/"},{"@type":"ListItem","position":2,"name":"Matemaatika"}]},{"@type":"WebSite","@id":"https:\/\/artjompoldsaar24.thkit.ee\/wp\/eng\/#website","url":"https:\/\/artjompoldsaar24.thkit.ee\/wp\/eng\/","name":"Artjom P\u00f5ldsaar Portfolio","description":"Junior Software Developer","potentialAction":[{"@type":"SearchAction","target":{"@type":"EntryPoint","urlTemplate":"https:\/\/artjompoldsaar24.thkit.ee\/wp\/eng\/?s={search_term_string}"},"query-input":{"@type":"PropertyValueSpecification","valueRequired":true,"valueName":"search_term_string"}}],"inLanguage":"en-US"}]}},"_links":{"self":[{"href":"https:\/\/artjompoldsaar24.thkit.ee\/wp\/eng\/wp-json\/wp\/v2\/pages\/674","targetHints":{"allow":["GET"]}}],"collection":[{"href":"https:\/\/artjompoldsaar24.thkit.ee\/wp\/eng\/wp-json\/wp\/v2\/pages"}],"about":[{"href":"https:\/\/artjompoldsaar24.thkit.ee\/wp\/eng\/wp-json\/wp\/v2\/types\/page"}],"author":[{"embeddable":true,"href":"https:\/\/artjompoldsaar24.thkit.ee\/wp\/eng\/wp-json\/wp\/v2\/users\/1"}],"replies":[{"embeddable":true,"href":"https:\/\/artjompoldsaar24.thkit.ee\/wp\/eng\/wp-json\/wp\/v2\/comments?post=674"}],"version-history":[{"count":0,"href":"https:\/\/artjompoldsaar24.thkit.ee\/wp\/eng\/wp-json\/wp\/v2\/pages\/674\/revisions"}],"wp:attachment":[{"href":"https:\/\/artjompoldsaar24.thkit.ee\/wp\/eng\/wp-json\/wp\/v2\/media?parent=674"}],"curies":[{"name":"wp","href":"https:\/\/api.w.org\/{rel}","templated":true}]}}